{"id":21,"date":"2014-07-08T10:34:10","date_gmt":"2014-07-08T08:34:10","guid":{"rendered":"http:\/\/mickbaff.de\/?page_id=21"},"modified":"2024-10-06T21:54:06","modified_gmt":"2024-10-06T19:54:06","slug":"home-slider-dark-2","status":"publish","type":"page","link":"https:\/\/mickbaff.de\/?page_id=21","title":{"rendered":"Impressum"},"content":{"rendered":"<p>[vc_row 0=&#8221;&#8221;][vc_column 0=&#8221;&#8221;][vc_column_text 0=&#8221;&#8221;]<\/p>\n<p style=\"text-align: left;\">[\/vc_column_text][\/vc_column][\/vc_row][vc_row content_placement=&#8221;middle&#8221;][vc_column][vc_empty_space 0=&#8221;&#8221;][vc_column_text css_animation=&#8221;bounceIn&#8221; css=&#8221;.vc_custom_1728244442332{margin-top: 200px !important;margin-bottom: 180px !important;}&#8221;]<\/p>\n<div class=\"imp-site\" style=\"text-align: left;\">\n<h4 class=\"imp-kopf\">Impressum<\/h4>\n<div class=\"imp-content\">\n<p class=\"imp-addresse\">Matthias Neumeier<br \/>\nBismarckstra\u00dfe 55<br \/>\n70197 Stuttgart<br \/>\nTelefon: (0)651 206 14 888<br \/>\nE-Mail: booking@mickbaff.de<\/p>\n<p class=\"imp-rechte\">\u00a9 Mick Baff 2017<br \/>\nAlle Rechte, insbesondere Urheber- und Leistungsschutzrechte vorbehalten. Jede Vervielf\u00e4ltigung, Verbreitung, \u00f6ffentliche Zug\u00e4nglichmachung, Bearbeitung oder sonstige Verwertung von Inhalten und Werken auf diesen Seiten bedarf der Zustimmung des Rechteinhabers.<\/p>\n<p class=\"imp-links\">F\u00fcr die Inhalte von verlinkten Websites Dritter wird keine Haftung \u00fcbernommen, hierf\u00fcr sind die Betreiber bzw. Anbieter der jeweiligen Website verantwortlich.<\/p>\n<\/div>\n<\/div>\n<p>[\/vc_column_text][\/vc_column][\/vc_row][vc_row][vc_column][vc_btn title=&#8221;Zur\u00fcck&#8221; shape=&#8221;square&#8221; color=&#8221;orange&#8221; align=&#8221;center&#8221; link=&#8221;url:https%3A%2F%2Fwoidchek.com%2Ftest%2F|||&#8221;][\/vc_column][\/vc_row][vc_row 0=&#8221;&#8221;][vc_column 0=&#8221;&#8221;][vc_column_text 0=&#8221;&#8221;]<\/p>\n<p>[\/vc_column_text][\/vc_column][\/vc_row]<\/p>\n","protected":false},"excerpt":{"rendered":"<p>[vc_row 0=&#8221;&#8221;][vc_column 0=&#8221;&#8221;][vc_column_text 0=&#8221;&#8221;] [\/vc_column_text][\/vc_column][\/vc_row][vc_row content_placement=&#8221;middle&#8221;][vc_column][vc_empty_space 0=&#8221;&#8221;][vc_column_text css_animation=&#8221;bounceIn&#8221; css=&#8221;.vc_custom_1728244442332{margin-top: 200px !important;margin-bottom: 180px !important;}&#8221;] Impressum Matthias Neumeier Bismarckstra\u00dfe 55 70197 Stuttgart Telefon: (0)651 206 14 888 E-Mail: booking@mickbaff.de \u00a9 Mick Baff 2017 Alle Rechte, insbesondere Urheber- und Leistungsschutzrechte vorbehalten. Jede Vervielf\u00e4ltigung, Verbreitung, \u00f6ffentliche Zug\u00e4nglichmachung, Bearbeitung oder sonstige Verwertung von Inhalten und Werken auf diesen Seiten bedarf [&hellip;]<\/p>\n","protected":false},"author":1,"featured_media":0,"parent":0,"menu_order":0,"comment_status":"closed","ping_status":"closed","template":"page-templates\/template-canvas.php","meta":[],"_links":{"self":[{"href":"https:\/\/mickbaff.de\/index.php?rest_route=\/wp\/v2\/pages\/21"}],"collection":[{"href":"https:\/\/mickbaff.de\/index.php?rest_route=\/wp\/v2\/pages"}],"about":[{"href":"https:\/\/mickbaff.de\/index.php?rest_route=\/wp\/v2\/types\/page"}],"author":[{"embeddable":true,"href":"https:\/\/mickbaff.de\/index.php?rest_route=\/wp\/v2\/users\/1"}],"replies":[{"embeddable":true,"href":"https:\/\/mickbaff.de\/index.php?rest_route=%2Fwp%2Fv2%2Fcomments&post=21"}],"version-history":[{"count":32,"href":"https:\/\/mickbaff.de\/index.php?rest_route=\/wp\/v2\/pages\/21\/revisions"}],"predecessor-version":[{"id":1398,"href":"https:\/\/mickbaff.de\/index.php?rest_route=\/wp\/v2\/pages\/21\/revisions\/1398"}],"wp:attachment":[{"href":"https:\/\/mickbaff.de\/index.php?rest_route=%2Fwp%2Fv2%2Fmedia&parent=21"}],"curies":[{"name":"wp","href":"https:\/\/api.w.org\/{rel}","templated":true}]}}